{"id":6335,"date":"2023-03-13T13:45:21","date_gmt":"2023-03-13T13:45:21","guid":{"rendered":"https:\/\/orsini2.ambra.fr\/?page_id=6335"},"modified":"2023-06-07T07:15:39","modified_gmt":"2023-06-07T07:15:39","slug":"actualites","status":"publish","type":"page","link":"https:\/\/orsini2.ambra.fr\/it\/notizia\/","title":{"rendered":"Notizia"},"content":{"rendered":"<div data-elementor-type=\"wp-page\" data-elementor-id=\"6335\" class=\"elementor elementor-6335\" data-elementor-post-type=\"page\">\n\t\t\t\t\t\t<section class=\"elementor-section elementor-top-section elementor-element elementor-element-a29ffde elementor-section-boxed elementor-section-height-default elementor-section-height-default\" data-id=\"a29ffde\" data-element_type=\"section\">\n\t\t\t\t\t\t<div class=\"elementor-container elementor-column-gap-default\">\n\t\t\t\t\t<div class=\"elementor-column elementor-col-100 elementor-top-column elementor-element elementor-element-4cdfec2\" data-id=\"4cdfec2\" data-element_type=\"column\">\n\t\t\t<div class=\"elementor-widget-wrap elementor-element-populated\">\n\t\t\t\t\t\t<div class=\"elementor-element elementor-element-32f00b2 elementor-widget elementor-widget-heading\" data-id=\"32f00b2\" data-element_type=\"widget\" data-widget_type=\"heading.default\">\n\t\t\t\t<div class=\"elementor-widget-container\">\n\t\t\t\t\t<h2 class=\"elementor-heading-title elementor-size-default\">Notizia<\/h2>\t\t\t\t<\/div>\n\t\t\t\t<\/div>\n\t\t\t\t<div class=\"elementor-element elementor-element-93ed560 elementor-grid-3 elementor-grid-tablet-2 elementor-grid-mobile-1 elementor-posts--thumbnail-top elementor-widget elementor-widget-posts\" data-id=\"93ed560\" data-element_type=\"widget\" data-settings=\"{&quot;classic_columns&quot;:&quot;3&quot;,&quot;classic_columns_tablet&quot;:&quot;2&quot;,&quot;classic_columns_mobile&quot;:&quot;1&quot;,&quot;classic_row_gap&quot;:{&quot;unit&quot;:&quot;px&quot;,&quot;size&quot;:35,&quot;sizes&quot;:[]},&quot;classic_row_gap_tablet&quot;:{&quot;unit&quot;:&quot;px&quot;,&quot;size&quot;:&quot;&quot;,&quot;sizes&quot;:[]},&quot;classic_row_gap_mobile&quot;:{&quot;unit&quot;:&quot;px&quot;,&quot;size&quot;:&quot;&quot;,&quot;sizes&quot;:[]}}\" data-widget_type=\"posts.classic\">\n\t\t\t\t<div class=\"elementor-widget-container\">\n\t\t\t\t\t\t\t<div class=\"elementor-posts-container elementor-posts elementor-posts--skin-classic elementor-grid\">\n\t\t\t\t<article class=\"elementor-post elementor-grid-item post-6762 post type-post status-publish format-standard has-post-thumbnail hentry category-news\">\n\t\t\t\t<a class=\"elementor-post__thumbnail__link\" href=\"https:\/\/orsini2.ambra.fr\/it\/les-plus-belles-plages-et-criques-en-esterel-cote-dazur\/\" tabindex=\"-1\" >\n\t\t\t<div class=\"elementor-post__thumbnail\"><img fetchpriority=\"high\" decoding=\"async\" width=\"768\" height=\"514\" src=\"https:\/\/orsini2.ambra.fr\/wp-content\/uploads\/2023\/06\/20180707171727_plages-768x514.jpg\" class=\"attachment-medium_large size-medium_large wp-image-6763\" alt=\"\" srcset=\"https:\/\/orsini2.ambra.fr\/wp-content\/uploads\/2023\/06\/20180707171727_plages-768x514.jpg 768w, https:\/\/orsini2.ambra.fr\/wp-content\/uploads\/2023\/06\/20180707171727_plages-300x201.jpg 300w, https:\/\/orsini2.ambra.fr\/wp-content\/uploads\/2023\/06\/20180707171727_plages-1024x685.jpg 1024w, https:\/\/orsini2.ambra.fr\/wp-content\/uploads\/2023\/06\/20180707171727_plages-18x12.jpg 18w, https:\/\/orsini2.ambra.fr\/wp-content\/uploads\/2023\/06\/20180707171727_plages-600x402.jpg 600w, https:\/\/orsini2.ambra.fr\/wp-content\/uploads\/2023\/06\/20180707171727_plages.jpg 1500w\" sizes=\"(max-width: 768px) 100vw, 768px\" \/><\/div>\n\t\t<\/a>\n\t\t\t\t<div class=\"elementor-post__text\">\n\t\t\t\t<h3 class=\"elementor-post__title\">\n\t\t\t<a href=\"https:\/\/orsini2.ambra.fr\/it\/les-plus-belles-plages-et-criques-en-esterel-cote-dazur\/\" >\n\t\t\t\tLE PIU&#039; BELLE SPIAGGE E BAIE DELL&#039;ESTEREL C\u00d4TE D&#039;AZUR!\t\t\t<\/a>\n\t\t<\/h3>\n\t\t\t\t<div class=\"elementor-post__meta-data\">\n\t\t\t\t\t<span class=\"elementor-post-date\">\n\t\t\t07\/06\/2023\t\t<\/span>\n\t\t\t\t<\/div>\n\t\t\t\t<div class=\"elementor-post__excerpt\">\n\t\t\t<p>D\u00e9couvrez ci-dessous notre s\u00e9lection de plages en Est\u00e9rel C\u00f4te d&rsquo;Azur. De la plage de sable fin \u00e0 la petite calanque sauvage, retrouvez\u00a0toutes les informations n\u00e9cessaires\u00a0pour<\/p>\n\t\t<\/div>\n\t\t\n\t\t<a class=\"elementor-post__read-more\" href=\"https:\/\/orsini2.ambra.fr\/it\/les-plus-belles-plages-et-criques-en-esterel-cote-dazur\/\" aria-label=\"Leggi tutto LES PLUS BELLES PLAGES ET CRIQUES EN EST\u00c9REL C\u00d4TE D&rsquo;AZUR !\" tabindex=\"-1\" >\n\t\t\tPer saperne di pi\u00f9 &quot;\t\t<\/a>\n\n\t\t\t\t<\/div>\n\t\t\t\t<\/article>\n\t\t\t\t<article class=\"elementor-post elementor-grid-item post-6759 post type-post status-publish format-standard has-post-thumbnail hentry category-news\">\n\t\t\t\t<a class=\"elementor-post__thumbnail__link\" href=\"https:\/\/orsini2.ambra.fr\/it\/les-plus-belles-balades-sur-le-territoire-esterel-cote-dazur\/\" tabindex=\"-1\" >\n\t\t\t<div class=\"elementor-post__thumbnail\"><img decoding=\"async\" width=\"768\" height=\"514\" src=\"https:\/\/orsini2.ambra.fr\/wp-content\/uploads\/2023\/06\/20181107131329_l-esterel-768x514.png\" class=\"attachment-medium_large size-medium_large wp-image-6760\" alt=\"\" srcset=\"https:\/\/orsini2.ambra.fr\/wp-content\/uploads\/2023\/06\/20181107131329_l-esterel-768x514.png 768w, https:\/\/orsini2.ambra.fr\/wp-content\/uploads\/2023\/06\/20181107131329_l-esterel-300x201.png 300w, https:\/\/orsini2.ambra.fr\/wp-content\/uploads\/2023\/06\/20181107131329_l-esterel-1024x685.png 1024w, https:\/\/orsini2.ambra.fr\/wp-content\/uploads\/2023\/06\/20181107131329_l-esterel-18x12.png 18w, https:\/\/orsini2.ambra.fr\/wp-content\/uploads\/2023\/06\/20181107131329_l-esterel-600x402.png 600w, https:\/\/orsini2.ambra.fr\/wp-content\/uploads\/2023\/06\/20181107131329_l-esterel.png 1500w\" sizes=\"(max-width: 768px) 100vw, 768px\" \/><\/div>\n\t\t<\/a>\n\t\t\t\t<div class=\"elementor-post__text\">\n\t\t\t\t<h3 class=\"elementor-post__title\">\n\t\t\t<a href=\"https:\/\/orsini2.ambra.fr\/it\/les-plus-belles-balades-sur-le-territoire-esterel-cote-dazur\/\" >\n\t\t\t\tLE PI\u00d9 BELLE PASSEGGIATE DEL TERRITORIO DELLA COSTA AZZURRA DELL&#039;EST\u00c9REL\t\t\t<\/a>\n\t\t<\/h3>\n\t\t\t\t<div class=\"elementor-post__meta-data\">\n\t\t\t\t\t<span class=\"elementor-post-date\">\n\t\t\t07\/06\/2023\t\t<\/span>\n\t\t\t\t<\/div>\n\t\t\t\t<div class=\"elementor-post__excerpt\">\n\t\t\t<p>Nos suggestions de circuits Ceux qu&rsquo;il faut faire \u00e0 tout prix ! S\u00e9lection des meilleurs circuits de randonn\u00e9e, v\u00e9lo de route et VTT, selon les<\/p>\n\t\t<\/div>\n\t\t\n\t\t<a class=\"elementor-post__read-more\" href=\"https:\/\/orsini2.ambra.fr\/it\/les-plus-belles-balades-sur-le-territoire-esterel-cote-dazur\/\" aria-label=\"Leggi tutto LES PLUS BELLES BALADES SUR LE TERRITOIRE EST\u00c9REL C\u00d4TE D&rsquo;AZUR\" tabindex=\"-1\" >\n\t\t\tPer saperne di pi\u00f9 &quot;\t\t<\/a>\n\n\t\t\t\t<\/div>\n\t\t\t\t<\/article>\n\t\t\t\t<article class=\"elementor-post elementor-grid-item post-6756 post type-post status-publish format-standard has-post-thumbnail hentry category-news\">\n\t\t\t\t<a class=\"elementor-post__thumbnail__link\" href=\"https:\/\/orsini2.ambra.fr\/it\/desinfection-du-logement-et-du-linge-de-lit-apres-chaque-client\/\" tabindex=\"-1\" >\n\t\t\t<div class=\"elementor-post__thumbnail\"><img decoding=\"async\" width=\"768\" height=\"576\" src=\"https:\/\/orsini2.ambra.fr\/wp-content\/uploads\/2023\/06\/20210122171521_how-home-sanitise-768x576.jpg\" class=\"attachment-medium_large size-medium_large wp-image-6757\" alt=\"\" srcset=\"https:\/\/orsini2.ambra.fr\/wp-content\/uploads\/2023\/06\/20210122171521_how-home-sanitise-768x576.jpg 768w, https:\/\/orsini2.ambra.fr\/wp-content\/uploads\/2023\/06\/20210122171521_how-home-sanitise-300x225.jpg 300w, https:\/\/orsini2.ambra.fr\/wp-content\/uploads\/2023\/06\/20210122171521_how-home-sanitise-16x12.jpg 16w, https:\/\/orsini2.ambra.fr\/wp-content\/uploads\/2023\/06\/20210122171521_how-home-sanitise-600x450.jpg 600w, https:\/\/orsini2.ambra.fr\/wp-content\/uploads\/2023\/06\/20210122171521_how-home-sanitise.jpg 800w\" sizes=\"(max-width: 768px) 100vw, 768px\" \/><\/div>\n\t\t<\/a>\n\t\t\t\t<div class=\"elementor-post__text\">\n\t\t\t\t<h3 class=\"elementor-post__title\">\n\t\t\t<a href=\"https:\/\/orsini2.ambra.fr\/it\/desinfection-du-logement-et-du-linge-de-lit-apres-chaque-client\/\" >\n\t\t\t\tDISINFEZIONE DEGLI ALLOGGI E DELLA BIANCHERIA DA LETTO DOPO OGNI CLIENTE:\t\t\t<\/a>\n\t\t<\/h3>\n\t\t\t\t<div class=\"elementor-post__meta-data\">\n\t\t\t\t\t<span class=\"elementor-post-date\">\n\t\t\t07\/06\/2023\t\t<\/span>\n\t\t\t\t<\/div>\n\t\t\t\t<div class=\"elementor-post__excerpt\">\n\t\t\t<p>Renseignements\/Consignes \u00e0 connaitre afin de jouir pleinement de vos vacances :<\/p>\n\t\t<\/div>\n\t\t\n\t\t<a class=\"elementor-post__read-more\" href=\"https:\/\/orsini2.ambra.fr\/it\/desinfection-du-logement-et-du-linge-de-lit-apres-chaque-client\/\" aria-label=\"Leggi tutto D\u00c9SINFECTION DU LOGEMENT ET DU LINGE DE LIT APR\u00c8S CHAQUE CLIENT :\" tabindex=\"-1\" >\n\t\t\tPer saperne di pi\u00f9 &quot;\t\t<\/a>\n\n\t\t\t\t<\/div>\n\t\t\t\t<\/article>\n\t\t\t\t<article class=\"elementor-post elementor-grid-item post-6753 post type-post status-publish format-standard has-post-thumbnail hentry category-news\">\n\t\t\t\t<a class=\"elementor-post__thumbnail__link\" href=\"https:\/\/orsini2.ambra.fr\/it\/50-experiences-a-vivre-intensement-cet-ete\/\" tabindex=\"-1\" >\n\t\t\t<div class=\"elementor-post__thumbnail\"><img loading=\"lazy\" decoding=\"async\" width=\"710\" height=\"472\" src=\"https:\/\/orsini2.ambra.fr\/wp-content\/uploads\/2023\/06\/20180607120236_experience-header.jpg\" class=\"attachment-medium_large size-medium_large wp-image-6754\" alt=\"\" srcset=\"https:\/\/orsini2.ambra.fr\/wp-content\/uploads\/2023\/06\/20180607120236_experience-header.jpg 710w, https:\/\/orsini2.ambra.fr\/wp-content\/uploads\/2023\/06\/20180607120236_experience-header-300x199.jpg 300w, https:\/\/orsini2.ambra.fr\/wp-content\/uploads\/2023\/06\/20180607120236_experience-header-18x12.jpg 18w, https:\/\/orsini2.ambra.fr\/wp-content\/uploads\/2023\/06\/20180607120236_experience-header-600x399.jpg 600w\" sizes=\"(max-width: 710px) 100vw, 710px\" \/><\/div>\n\t\t<\/a>\n\t\t\t\t<div class=\"elementor-post__text\">\n\t\t\t\t<h3 class=\"elementor-post__title\">\n\t\t\t<a href=\"https:\/\/orsini2.ambra.fr\/it\/50-experiences-a-vivre-intensement-cet-ete\/\" >\n\t\t\t\t50 ESPERIENZE DA VIVERE INTENSAMENTE QUESTA ESTATE\t\t\t<\/a>\n\t\t<\/h3>\n\t\t\t\t<div class=\"elementor-post__meta-data\">\n\t\t\t\t\t<span class=\"elementor-post-date\">\n\t\t\t07\/06\/2023\t\t<\/span>\n\t\t\t\t<\/div>\n\t\t\t\t<div class=\"elementor-post__excerpt\">\n\t\t\t<p>Cocktails fruit\u00e9s, pique-niques sur la plage, escapades en kayak&#8230; Pendant les vacances, les occasions ne manquent pas de l\u00e2cher prise et de laisser libre cours<\/p>\n\t\t<\/div>\n\t\t\n\t\t<a class=\"elementor-post__read-more\" href=\"https:\/\/orsini2.ambra.fr\/it\/50-experiences-a-vivre-intensement-cet-ete\/\" aria-label=\"Leggi tutto 50 EXP\u00c9RIENCES \u00c0 VIVRE INTENS\u00c9MENT CET \u00c9T\u00c9\" tabindex=\"-1\" >\n\t\t\tPer saperne di pi\u00f9 &quot;\t\t<\/a>\n\n\t\t\t\t<\/div>\n\t\t\t\t<\/article>\n\t\t\t\t<article class=\"elementor-post elementor-grid-item post-6750 post type-post status-publish format-standard has-post-thumbnail hentry category-news\">\n\t\t\t\t<a class=\"elementor-post__thumbnail__link\" href=\"https:\/\/orsini2.ambra.fr\/it\/domaines-viticoles-autour-de-st-raphael\/\" tabindex=\"-1\" >\n\t\t\t<div class=\"elementor-post__thumbnail\"><img loading=\"lazy\" decoding=\"async\" width=\"700\" height=\"350\" src=\"https:\/\/orsini2.ambra.fr\/wp-content\/uploads\/2023\/06\/20180626123900_domainesviticoles-bercail.jpg\" class=\"attachment-medium_large size-medium_large wp-image-6751\" alt=\"06domainesviticoles-bercail\" srcset=\"https:\/\/orsini2.ambra.fr\/wp-content\/uploads\/2023\/06\/20180626123900_domainesviticoles-bercail.jpg 700w, https:\/\/orsini2.ambra.fr\/wp-content\/uploads\/2023\/06\/20180626123900_domainesviticoles-bercail-300x150.jpg 300w, https:\/\/orsini2.ambra.fr\/wp-content\/uploads\/2023\/06\/20180626123900_domainesviticoles-bercail-18x9.jpg 18w, https:\/\/orsini2.ambra.fr\/wp-content\/uploads\/2023\/06\/20180626123900_domainesviticoles-bercail-600x300.jpg 600w\" sizes=\"(max-width: 700px) 100vw, 700px\" \/><\/div>\n\t\t<\/a>\n\t\t\t\t<div class=\"elementor-post__text\">\n\t\t\t\t<h3 class=\"elementor-post__title\">\n\t\t\t<a href=\"https:\/\/orsini2.ambra.fr\/it\/domaines-viticoles-autour-de-st-raphael\/\" >\n\t\t\t\tLE ZONE DEL VINO INTORNO A ST RAPHA\u00cbL\t\t\t<\/a>\n\t\t<\/h3>\n\t\t\t\t<div class=\"elementor-post__meta-data\">\n\t\t\t\t\t<span class=\"elementor-post-date\">\n\t\t\t07\/06\/2023\t\t<\/span>\n\t\t\t\t<\/div>\n\t\t\t\t<div class=\"elementor-post__excerpt\">\n\t\t\t<p>Pilier majeur dans le patrimoine de la c\u00f4te d&rsquo;Azur, les domaines viticoles autour de Saint-Rapha\u00ebl sont reconnus dans le monde entier. Visite de cave, d\u00e9gustions,<\/p>\n\t\t<\/div>\n\t\t\n\t\t<a class=\"elementor-post__read-more\" href=\"https:\/\/orsini2.ambra.fr\/it\/domaines-viticoles-autour-de-st-raphael\/\" aria-label=\"Leggi tutto DOMAINES VITICOLES AUTOUR DE ST RAPHA\u00cbL\" tabindex=\"-1\" >\n\t\t\tPer saperne di pi\u00f9 &quot;\t\t<\/a>\n\n\t\t\t\t<\/div>\n\t\t\t\t<\/article>\n\t\t\t\t<article class=\"elementor-post elementor-grid-item post-6747 post type-post status-publish format-standard has-post-thumbnail hentry category-news\">\n\t\t\t\t<a class=\"elementor-post__thumbnail__link\" href=\"https:\/\/orsini2.ambra.fr\/it\/400-activites-sur-la-cote-dazur\/\" tabindex=\"-1\" >\n\t\t\t<div class=\"elementor-post__thumbnail\"><img loading=\"lazy\" decoding=\"async\" width=\"768\" height=\"528\" src=\"https:\/\/orsini2.ambra.fr\/wp-content\/uploads\/2023\/06\/20180713192407_ailedusoleil01-800x550-1-768x528.gif\" class=\"attachment-medium_large size-medium_large wp-image-6748\" alt=\"ailedusoleil\" srcset=\"https:\/\/orsini2.ambra.fr\/wp-content\/uploads\/2023\/06\/20180713192407_ailedusoleil01-800x550-1-768x528.gif 768w, https:\/\/orsini2.ambra.fr\/wp-content\/uploads\/2023\/06\/20180713192407_ailedusoleil01-800x550-1-300x206.gif 300w, https:\/\/orsini2.ambra.fr\/wp-content\/uploads\/2023\/06\/20180713192407_ailedusoleil01-800x550-1-18x12.gif 18w, https:\/\/orsini2.ambra.fr\/wp-content\/uploads\/2023\/06\/20180713192407_ailedusoleil01-800x550-1-600x413.gif 600w\" sizes=\"(max-width: 768px) 100vw, 768px\" \/><\/div>\n\t\t<\/a>\n\t\t\t\t<div class=\"elementor-post__text\">\n\t\t\t\t<h3 class=\"elementor-post__title\">\n\t\t\t<a href=\"https:\/\/orsini2.ambra.fr\/it\/400-activites-sur-la-cote-dazur\/\" >\n\t\t\t\t400 ACTIVIT\u00c9S SUR LA C\u00d4TE D&rsquo;AZUR !\t\t\t<\/a>\n\t\t<\/h3>\n\t\t\t\t<div class=\"elementor-post__meta-data\">\n\t\t\t\t\t<span class=\"elementor-post-date\">\n\t\t\t07\/06\/2023\t\t<\/span>\n\t\t\t\t<\/div>\n\t\t\t\t<div class=\"elementor-post__excerpt\">\n\t\t\t<p>Comparez et r\u00e9servez en ligne des activit\u00e9s sur la C\u00f4te d&rsquo;Azur \u00e0 prix sp\u00e9cial web : jet-ski, canyoning, tyrolienne, Marineland, paddle, bou\u00e9es tract\u00e9es&#8230;&nbsp;Vous avez le<\/p>\n\t\t<\/div>\n\t\t\n\t\t<a class=\"elementor-post__read-more\" href=\"https:\/\/orsini2.ambra.fr\/it\/400-activites-sur-la-cote-dazur\/\" aria-label=\"Leggi tutto 400 ACTIVIT\u00c9S SUR LA C\u00d4TE D&rsquo;AZUR !\" tabindex=\"-1\" >\n\t\t\tPer saperne di pi\u00f9 &quot;\t\t<\/a>\n\n\t\t\t\t<\/div>\n\t\t\t\t<\/article>\n\t\t\t\t<\/div>\n\t\t\n\t\t\t\t\t\t<\/div>\n\t\t\t\t<\/div>\n\t\t\t\t\t<\/div>\n\t\t<\/div>\n\t\t\t\t\t<\/div>\n\t\t<\/section>\n\t\t\t\t<\/div>","protected":false},"excerpt":{"rendered":"<p>Notizia<\/p>","protected":false},"author":1,"featured_media":0,"parent":0,"menu_order":0,"comment_status":"closed","ping_status":"closed","template":"","meta":{"site-sidebar-layout":"no-sidebar","site-content-layout":"page-builder","ast-site-content-layout":"","site-content-style":"default","site-sidebar-style":"default","ast-global-header-display":"","ast-banner-title-visibility":"","ast-main-header-display":"","ast-hfb-above-header-display":"","ast-hfb-below-header-display":"","ast-hfb-mobile-header-display":"","site-post-title":"disabled","ast-breadcrumbs-content":"","ast-featured-img":"disabled","footer-sml-layout":"","theme-transparent-header-meta":"","adv-header-id-meta":"","stick-header-meta":"","header-above-stick-meta":"","header-main-stick-meta":"","header-below-stick-meta":"","astra-migrate-meta-layouts":"default","ast-page-background-enabled":"default","ast-page-background-meta":{"desktop":{"background-color":"var(--ast-global-color-4)","background-image":"","background-repeat":"repeat","background-position":"center center","background-size":"auto","background-attachment":"scroll","background-type":"","background-media":"","overlay-type":"","overlay-color":"","overlay-opacity":"","overlay-gradient":""},"tablet":{"background-color":"","background-image":"","background-repeat":"repeat","background-position":"center center","background-size":"auto","background-attachment":"scroll","background-type":"","background-media":"","overlay-type":"","overlay-color":"","overlay-opacity":"","overlay-gradient":""},"mobile":{"background-color":"","background-image":"","background-repeat":"repeat","background-position":"center center","background-size":"auto","background-attachment":"scroll","background-type":"","background-media":"","overlay-type":"","overlay-color":"","overlay-opacity":"","overlay-gradient":""}},"ast-content-background-meta":{"desktop":{"background-color":"var(--ast-global-color-5)","background-image":"","background-repeat":"repeat","background-position":"center center","background-size":"auto","background-attachment":"scroll","background-type":"","background-media":"","overlay-type":"","overlay-color":"","overlay-opacity":"","overlay-gradient":""},"tablet":{"background-color":"var(--ast-global-color-5)","background-image":"","background-repeat":"repeat","background-position":"center center","background-size":"auto","background-attachment":"scroll","background-type":"","background-media":"","overlay-type":"","overlay-color":"","overlay-opacity":"","overlay-gradient":""},"mobile":{"background-color":"var(--ast-global-color-5)","background-image":"","background-repeat":"repeat","background-position":"center center","background-size":"auto","background-attachment":"scroll","background-type":"","background-media":"","overlay-type":"","overlay-color":"","overlay-opacity":"","overlay-gradient":""}},"_glsr_average":0,"_glsr_ranking":0,"_glsr_reviews":0,"footnotes":""},"class_list":["post-6335","page","type-page","status-publish","hentry"],"yoast_head":"<!-- This site is optimized with the Yoast SEO plugin v24.3 - https:\/\/yoast.com\/wordpress\/plugins\/seo\/ -->\n<title>Actualit\u00e9s - ORSINI<\/title>\n<meta name=\"robots\" content=\"noindex, follow, max-snippet:-1, max-image-preview:large, max-video-preview:-1\" \/>\n<meta property=\"og:locale\" content=\"it_IT\" \/>\n<meta property=\"og:type\" content=\"article\" \/>\n<meta property=\"og:title\" content=\"Actualit\u00e9s - ORSINI\" \/>\n<meta property=\"og:description\" content=\"Actualit\u00e9s\" \/>\n<meta property=\"og:url\" content=\"https:\/\/orsini2.ambra.fr\/it\/notizia\/\" \/>\n<meta property=\"og:site_name\" content=\"ORSINI\" \/>\n<meta property=\"article:modified_time\" content=\"2023-06-07T07:15:39+00:00\" \/>\n<meta name=\"twitter:card\" content=\"summary_large_image\" \/>\n<meta name=\"twitter:label1\" content=\"Tempo di lettura stimato\" \/>\n\t<meta name=\"twitter:data1\" content=\"3 minuti\" \/>\n<script type=\"application\/ld+json\" class=\"yoast-schema-graph\">{\"@context\":\"https:\/\/schema.org\",\"@graph\":[{\"@type\":\"WebPage\",\"@id\":\"https:\/\/orsini2.ambra.fr\/fr\/actualites\/\",\"url\":\"https:\/\/orsini2.ambra.fr\/fr\/actualites\/\",\"name\":\"Actualit\u00e9s - ORSINI\",\"isPartOf\":{\"@id\":\"https:\/\/orsini2.ambra.fr\/fr\/#website\"},\"datePublished\":\"2023-03-13T13:45:21+00:00\",\"dateModified\":\"2023-06-07T07:15:39+00:00\",\"breadcrumb\":{\"@id\":\"https:\/\/orsini2.ambra.fr\/fr\/actualites\/#breadcrumb\"},\"inLanguage\":\"it-IT\",\"potentialAction\":[{\"@type\":\"ReadAction\",\"target\":[\"https:\/\/orsini2.ambra.fr\/fr\/actualites\/\"]}]},{\"@type\":\"BreadcrumbList\",\"@id\":\"https:\/\/orsini2.ambra.fr\/fr\/actualites\/#breadcrumb\",\"itemListElement\":[{\"@type\":\"ListItem\",\"position\":1,\"name\":\"Accueil\",\"item\":\"https:\/\/orsini2.ambra.fr\/\"},{\"@type\":\"ListItem\",\"position\":2,\"name\":\"Actualit\u00e9s\"}]},{\"@type\":\"WebSite\",\"@id\":\"https:\/\/orsini2.ambra.fr\/fr\/#website\",\"url\":\"https:\/\/orsini2.ambra.fr\/fr\/\",\"name\":\"ORSINI\",\"description\":\"\",\"publisher\":{\"@id\":\"https:\/\/orsini2.ambra.fr\/fr\/#organization\"},\"potentialAction\":[{\"@type\":\"SearchAction\",\"target\":{\"@type\":\"EntryPoint\",\"urlTemplate\":\"https:\/\/orsini2.ambra.fr\/fr\/?s={search_term_string}\"},\"query-input\":{\"@type\":\"PropertyValueSpecification\",\"valueRequired\":true,\"valueName\":\"search_term_string\"}}],\"inLanguage\":\"it-IT\"},{\"@type\":\"Organization\",\"@id\":\"https:\/\/orsini2.ambra.fr\/fr\/#organization\",\"name\":\"ORSINI\",\"url\":\"https:\/\/orsini2.ambra.fr\/fr\/\",\"logo\":{\"@type\":\"ImageObject\",\"inLanguage\":\"it-IT\",\"@id\":\"https:\/\/orsini2.ambra.fr\/fr\/#\/schema\/logo\/image\/\",\"url\":\"https:\/\/orsini2.ambra.fr\/wp-content\/uploads\/2023\/01\/LOGO-ORSINI.png\",\"contentUrl\":\"https:\/\/orsini2.ambra.fr\/wp-content\/uploads\/2023\/01\/LOGO-ORSINI.png\",\"width\":346,\"height\":249,\"caption\":\"ORSINI\"},\"image\":{\"@id\":\"https:\/\/orsini2.ambra.fr\/fr\/#\/schema\/logo\/image\/\"}}]}<\/script>\n<!-- \/ Yoast SEO plugin. -->","yoast_head_json":{"title":"Actualit\u00e9s - ORSINI","robots":{"index":"noindex","follow":"follow","max-snippet":"max-snippet:-1","max-image-preview":"max-image-preview:large","max-video-preview":"max-video-preview:-1"},"og_locale":"it_IT","og_type":"article","og_title":"Actualit\u00e9s - ORSINI","og_description":"Actualit\u00e9s","og_url":"https:\/\/orsini2.ambra.fr\/it\/notizia\/","og_site_name":"ORSINI","article_modified_time":"2023-06-07T07:15:39+00:00","twitter_card":"summary_large_image","twitter_misc":{"Tempo di lettura stimato":"3 minuti"},"schema":{"@context":"https:\/\/schema.org","@graph":[{"@type":"WebPage","@id":"https:\/\/orsini2.ambra.fr\/fr\/actualites\/","url":"https:\/\/orsini2.ambra.fr\/fr\/actualites\/","name":"Actualit\u00e9s - ORSINI","isPartOf":{"@id":"https:\/\/orsini2.ambra.fr\/fr\/#website"},"datePublished":"2023-03-13T13:45:21+00:00","dateModified":"2023-06-07T07:15:39+00:00","breadcrumb":{"@id":"https:\/\/orsini2.ambra.fr\/fr\/actualites\/#breadcrumb"},"inLanguage":"it-IT","potentialAction":[{"@type":"ReadAction","target":["https:\/\/orsini2.ambra.fr\/fr\/actualites\/"]}]},{"@type":"BreadcrumbList","@id":"https:\/\/orsini2.ambra.fr\/fr\/actualites\/#breadcrumb","itemListElement":[{"@type":"ListItem","position":1,"name":"Accueil","item":"https:\/\/orsini2.ambra.fr\/"},{"@type":"ListItem","position":2,"name":"Actualit\u00e9s"}]},{"@type":"WebSite","@id":"https:\/\/orsini2.ambra.fr\/fr\/#website","url":"https:\/\/orsini2.ambra.fr\/fr\/","name":"ORSINI","description":"","publisher":{"@id":"https:\/\/orsini2.ambra.fr\/fr\/#organization"},"potentialAction":[{"@type":"SearchAction","target":{"@type":"EntryPoint","urlTemplate":"https:\/\/orsini2.ambra.fr\/fr\/?s={search_term_string}"},"query-input":{"@type":"PropertyValueSpecification","valueRequired":true,"valueName":"search_term_string"}}],"inLanguage":"it-IT"},{"@type":"Organization","@id":"https:\/\/orsini2.ambra.fr\/fr\/#organization","name":"ORSINI","url":"https:\/\/orsini2.ambra.fr\/fr\/","logo":{"@type":"ImageObject","inLanguage":"it-IT","@id":"https:\/\/orsini2.ambra.fr\/fr\/#\/schema\/logo\/image\/","url":"https:\/\/orsini2.ambra.fr\/wp-content\/uploads\/2023\/01\/LOGO-ORSINI.png","contentUrl":"https:\/\/orsini2.ambra.fr\/wp-content\/uploads\/2023\/01\/LOGO-ORSINI.png","width":346,"height":249,"caption":"ORSINI"},"image":{"@id":"https:\/\/orsini2.ambra.fr\/fr\/#\/schema\/logo\/image\/"}}]}},"_links":{"self":[{"href":"https:\/\/orsini2.ambra.fr\/it\/wp-json\/wp\/v2\/pages\/6335","targetHints":{"allow":["GET"]}}],"collection":[{"href":"https:\/\/orsini2.ambra.fr\/it\/wp-json\/wp\/v2\/pages"}],"about":[{"href":"https:\/\/orsini2.ambra.fr\/it\/wp-json\/wp\/v2\/types\/page"}],"author":[{"embeddable":true,"href":"https:\/\/orsini2.ambra.fr\/it\/wp-json\/wp\/v2\/users\/1"}],"replies":[{"embeddable":true,"href":"https:\/\/orsini2.ambra.fr\/it\/wp-json\/wp\/v2\/comments?post=6335"}],"version-history":[{"count":10,"href":"https:\/\/orsini2.ambra.fr\/it\/wp-json\/wp\/v2\/pages\/6335\/revisions"}],"predecessor-version":[{"id":6780,"href":"https:\/\/orsini2.ambra.fr\/it\/wp-json\/wp\/v2\/pages\/6335\/revisions\/6780"}],"wp:attachment":[{"href":"https:\/\/orsini2.ambra.fr\/it\/wp-json\/wp\/v2\/media?parent=6335"}],"curies":[{"name":"wp","href":"https:\/\/api.w.org\/{rel}","templated":true}]}}